{"id":25,"date":"2023-07-03T11:09:12","date_gmt":"2023-07-03T15:09:12","guid":{"rendered":"https:\/\/jao-faodo.ufms.br\/?page_id=25"},"modified":"2023-08-15T11:05:24","modified_gmt":"2023-08-15T15:05:24","slug":"submissao-de-trabalhos","status":"publish","type":"page","link":"https:\/\/jao-faodo.ufms.br\/en\/submissao-de-trabalhos\/","title":{"rendered":"Submiss\u00e3o de trabalhos"},"content":{"rendered":"<p><strong>Informa\u00e7\u00f5es sobre a submiss\u00e3o de trabalhos:<\/strong><\/p>\n<ul>\n<li>A submiss\u00e3o dos resumos dever\u00e1 ser realizada somente de forma on-line por meio da plataforma de inscri\u00e7\u00f5es, no per\u00edodo de 18 de julho de 2023 a \u00a014 de agosto de 2023.<\/li>\n<li>N\u00c3O ser\u00e3o recebidos\/avaliados trabalhos enviados por outros meios ou fora do prazo estabelecido.<\/li>\n<li>O autor receber\u00e1 uma confirma\u00e7\u00e3o, caso o trabalho seja aceito, por meio do site. \u00c9 obrigat\u00f3rio inserir o nome de TODOS os autores e do orientador.<\/li>\n<li>Para realizar a submiss\u00e3o, o participante dever\u00e1, obrigatoriamente:<\/li>\n<\/ul>\n<ol>\n<li>Estar inscrito no evento e estar em dia com o pagamento da taxa de inscri\u00e7\u00e3o da Jornada.<\/li>\n<li>Anexar o resumo do trabalho em documento no formato .docx (Word) no formul\u00e1rio.<\/li>\n<li>Anexar arquivo contendo o e-poster no formato .pdf.<\/li>\n<li>Anexar arquivo contendo o comprovante de pagamento.<\/li>\n<li>Link do edital:\u00a0<a href=\"https:\/\/drive.google.com\/file\/d\/1CqJ4jR8EZptoeUC7tYT0ZzZzxhbV2uqZ\/view\">https:\/\/drive.google.com\/file\/d\/1vS8QNlYgHagUTDxVat0zs8noiIGGnXXS\/view?usp=sharing<\/a><\/li>\n<li>Link do Template: <a href=\"https:\/\/docs.google.com\/presentation\/d\/1gq0ktJ1PHoZvI0yXPDD4ArxqmbfpYmhe\/edit?usp=sharing&amp;ouid=110250312021841548018&amp;rtpof=true&amp;sd=true\">https:\/\/docs.google.com\/presentation\/d\/1gq0ktJ1PHoZvI0yXPDD4ArxqmbfpYmhe\/edit?usp=sharing&amp;ouid=110250312021841548018&amp;rtpof=true&amp;sd=true<\/a><\/li>\n<li>Link do Forms:\u00a0<a href=\"https:\/\/forms.gle\/raJ4pGwguQEqtwF56\">https:\/\/forms.gle\/raJ4pGwguQEqtwF56<\/a><\/li>\n<li>Em caso de d\u00favida, entrar em contato pelo e-mail: trabalhos40jao@gmail.com<\/li>\n<\/ol>\n","protected":false},"excerpt":{"rendered":"<p>Informa\u00e7\u00f5es sobre a submiss\u00e3o de trabalhos: A submiss\u00e3o dos resumos dever\u00e1 ser realizada somente de forma on-line por meio da plataforma de inscri\u00e7\u00f5es, no per\u00edodo de 18 de julho de 2023 a \u00a014 de agosto de 2023. N\u00c3O ser\u00e3o recebidos\/avaliados trabalhos enviados por outros meios ou fora do prazo estabelecido. O autor receber\u00e1 uma confirma\u00e7\u00e3o, [&hellip;]<\/p>\n","protected":false},"author":38225,"featured_media":0,"parent":0,"menu_order":0,"comment_status":"closed","ping_status":"closed","template":"","meta":{"footnotes":""},"coauthors":[],"class_list":["post-25","page","type-page","status-publish","hentry"],"_links":{"self":[{"href":"https:\/\/jao-faodo.ufms.br\/en\/wp-json\/wp\/v2\/pages\/25","targetHints":{"allow":["GET"]}}],"collection":[{"href":"https:\/\/jao-faodo.ufms.br\/en\/wp-json\/wp\/v2\/pages"}],"about":[{"href":"https:\/\/jao-faodo.ufms.br\/en\/wp-json\/wp\/v2\/types\/page"}],"author":[{"embeddable":true,"href":"https:\/\/jao-faodo.ufms.br\/en\/wp-json\/wp\/v2\/users\/38225"}],"replies":[{"embeddable":true,"href":"https:\/\/jao-faodo.ufms.br\/en\/wp-json\/wp\/v2\/comments?post=25"}],"version-history":[{"count":19,"href":"https:\/\/jao-faodo.ufms.br\/en\/wp-json\/wp\/v2\/pages\/25\/revisions"}],"predecessor-version":[{"id":210,"href":"https:\/\/jao-faodo.ufms.br\/en\/wp-json\/wp\/v2\/pages\/25\/revisions\/210"}],"wp:attachment":[{"href":"https:\/\/jao-faodo.ufms.br\/en\/wp-json\/wp\/v2\/media?parent=25"}],"wp:term":[{"taxonomy":"author","embeddable":true,"href":"https:\/\/jao-faodo.ufms.br\/en\/wp-json\/wp\/v2\/coauthors?post=25"}],"curies":[{"name":"wp","href":"https:\/\/api.w.org\/{rel}","templated":true}]}}