{"id":54,"date":"2023-07-03T11:49:21","date_gmt":"2023-07-03T15:49:21","guid":{"rendered":"https:\/\/jao-faodo.ufms.br\/?page_id=54"},"modified":"2023-08-30T08:52:29","modified_gmt":"2023-08-30T12:52:29","slug":"agenda-da-jao","status":"publish","type":"page","link":"https:\/\/jao-faodo.ufms.br\/en\/agenda-da-jao\/","title":{"rendered":"Programa\u00e7\u00e3o"},"content":{"rendered":"<p>A Jornada Acad\u00eamica de Odontologia ser\u00e1 realizada do dia 13 de setembro de 2023 at\u00e9 dia 15 de setembro de 2023 das 08:00 \u00e0s 20:00 na quarta-feira, das 08:00 \u00e0s 19:00 na quinta-feira e das 08:00 \u00e0s 18:00 na sexta-feira.<\/p>\n<p>Hor\u00e1rio palestras:<\/p>\n<table style=\"width: 89.3893%;height: 477px\" width=\"92%\">\n<tbody>\n<tr style=\"height: 96px\">\n<td style=\"height: 96px;width: 14.5858%;text-align: center\" width=\"13%\"><\/td>\n<td style=\"height: 96px;width: 25.1168%;text-align: center\" width=\"25%\"><strong>13\/09\/2023<\/strong><\/p>\n<p><strong>(Quarta-feira)<\/strong><\/td>\n<td style=\"height: 96px;width: 25.9843%;text-align: center\" width=\"25%\"><strong>14\/09\/2023<\/strong><\/p>\n<p><strong>(Quinta-feira)<\/strong><\/td>\n<td style=\"height: 96px;width: 23.4754%;text-align: center\" width=\"29%\"><strong>15\/09\/2023<\/strong><\/p>\n<p><strong>(Sexta-feira)<\/strong><\/td>\n<\/tr>\n<tr style=\"height: 69px\">\n<td style=\"height: 55px;width: 14.5858%;text-align: center\" width=\"13%\">8:00 \u00e0s 10:00<\/td>\n<td style=\"height: 55px;width: 25.1168%;text-align: center\" width=\"25%\">Prof. Dr. Gustavo Seabra<\/td>\n<td style=\"height: 55px;width: 25.9843%;text-align: center\" width=\"25%\">Prof. Dr. Paulo Vinicius Soares<\/td>\n<td style=\"height: 55px;width: 23.4754%;text-align: center\" width=\"29%\">Prof. Dr. Emmanuel Silva<\/td>\n<\/tr>\n<tr style=\"height: 77px\">\n<td style=\"height: 55px;width: 14.5858%;text-align: center\" width=\"13%\">10:00 \u00e0s 12:00<\/td>\n<td style=\"height: 55px;width: 25.1168%;text-align: center\" width=\"25%\">Prof. Dr. Rafael Manfro<\/td>\n<td style=\"height: 55px;width: 25.9843%;text-align: center\" width=\"25%\">Prof. Dr. Paulo Vinicius Soares<\/td>\n<td style=\"height: 55px;width: 23.4754%;text-align: center\" width=\"29%\">\u00a0Prof. Dr. Yuri Nejaim<\/td>\n<\/tr>\n<tr style=\"height: 80px\">\n<td style=\"height: 65px;width: 14.5858%;text-align: center\" width=\"13%\">13:30 \u00e0s 14:30<\/td>\n<td style=\"height: 65px;width: 25.1168%;text-align: center\" width=\"25%\"><span style=\"font-weight: 400\">Profa. Lorise de Oliveira Gon\u00e7alves<\/span><\/td>\n<td style=\"height: 65px;width: 25.9843%;text-align: center\" width=\"25%\">Prof. Dr. Jo\u00e3o Toledo Neto<\/td>\n<td style=\"height: 65px;width: 23.4754%;text-align: center\" width=\"29%\">Prof. Dr. Nilton de Bortoli Junior<\/td>\n<\/tr>\n<tr style=\"height: 56px\">\n<td style=\"width: 14.5858%;height: 56px;text-align: center\">14:30 \u00e0s 16:00<\/td>\n<td style=\"width: 25.1168%;height: 56px;text-align: center\">Profa. Dra. Sandra Echevirria<\/td>\n<td style=\"width: 25.9843%;height: 56px;text-align: center\">Prof. Dr. T\u00e1rcio Skiba<\/td>\n<td style=\"width: 23.4754%;height: 56px;text-align: center\">Prof. Dr. Nilton de Bortoli Junior<\/td>\n<\/tr>\n<tr style=\"height: 100px\">\n<td style=\"height: 35px;width: 14.5858%;text-align: center\" width=\"13%\">\u00a016:00 \u00e0s 18:00<\/td>\n<td style=\"height: 35px;width: 25.1168%;text-align: center\" width=\"25%\">Prof. Dr. Roger Keller<\/p>\n<p>Prof. Dr. Rafael Aiello<\/td>\n<td style=\"height: 35px;width: 25.9843%;text-align: center\" width=\"25%\">Prof. Dr. Paulo Quagliatto<\/td>\n<td style=\"height: 35px;width: 23.4754%;text-align: center\" width=\"29%\">Prof. Dr. Hugo Vidotti<\/td>\n<\/tr>\n<tr style=\"height: 71px\">\n<td style=\"height: 53px;width: 14.5858%;text-align: center\" width=\"13%\">18:00 \u00e0s 19:00<\/td>\n<td style=\"height: 53px;width: 25.1168%;text-align: center\" width=\"25%\">Prof. Dr. Gustavo Mendon\u00e7a<\/td>\n<td style=\"height: 53px;width: 25.9843%;text-align: center\" width=\"25%\">Profa. Dra. Lucieni Campoli Furlan<\/td>\n<td style=\"height: 53px;width: 23.4754%;text-align: center\" width=\"29%\"><\/td>\n<\/tr>\n<tr style=\"height: 62px\">\n<td style=\"width: 14.5858%;height: 62px;text-align: center\">19:00 \u00e0s 20:00<\/td>\n<td style=\"width: 25.1168%;height: 62px;text-align: center\">Prof. Dr. Gustavo Mendon\u00e7a<\/td>\n<td style=\"width: 25.9843%;height: 62px;text-align: center\"><\/td>\n<td style=\"width: 23.4754%;height: 62px;text-align: center\"><\/td>\n<\/tr>\n<\/tbody>\n<\/table>\n<p>&nbsp;<\/p>\n<p><b>Hor\u00e1rios Hands On:<\/b><\/p>\n<table style=\"width: 99.8956%;height: 453px\">\n<tbody>\n<tr style=\"height: 96px\">\n<td style=\"height: 96px;width: 14.0021%;text-align: center\"><\/td>\n<td style=\"height: 96px;width: 28.8401%;text-align: center\"><strong>13\/09\/2023<\/strong><\/p>\n<p><strong>(Quarta-feira)<\/strong><\/td>\n<td style=\"height: 96px;width: 26.4368%;text-align: center\"><strong>14\/09\/2023<\/strong><\/p>\n<p><strong>(Quinta-feira)<\/strong><\/td>\n<td style=\"height: 96px;width: 29.6761%;text-align: center\"><strong>15\/09\/2023<\/strong><\/p>\n<p><strong>(Sexta-feira)<\/strong><\/td>\n<\/tr>\n<tr style=\"height: 80px\">\n<td style=\"height: 80px;width: 14.0021%;text-align: center\"><span style=\"font-weight: 400\">8:00 \u00e0s 10:00<\/span><\/td>\n<td style=\"height: 80px;width: 28.8401%;text-align: center\"><span style=\"font-weight: 400\">Prof. Dr. Key Fabiano: &#8220;Hibridizando os sistemas NiTi MK Life.&#8221;<\/span><\/p>\n<p>Profa. Me. Simone Lopes: &#8220;Ozonioterapia&#8221;<\/td>\n<td style=\"height: 80px;width: 26.4368%;text-align: center\"><\/td>\n<td style=\"height: 80px;width: 29.6761%;text-align: center\">Equipe HOF Blended Instituto Tedesco: &#8220;HOF na pr\u00e1tica&#8221;<\/td>\n<\/tr>\n<tr style=\"height: 86px\">\n<td style=\"width: 14.0021%;text-align: center;height: 86px\"><span style=\"font-weight: 400\">10:00 \u00e0s 12:00<\/span><\/td>\n<td style=\"width: 28.8401%;text-align: center;height: 86px\"><span style=\"font-weight: 400\">Profa. Me. Simone Lopes: &#8220;Bioestimulador de col\u00e1geno injet\u00e1vel&#8221;<\/span><\/td>\n<td style=\"width: 26.4368%;text-align: center;height: 86px\"><\/td>\n<td style=\"width: 29.6761%;text-align: center;height: 86px\"><\/td>\n<\/tr>\n<tr style=\"height: 96px\">\n<td style=\"height: 96px;width: 14.0021%;text-align: center\"><span style=\"font-weight: 400\">14:00 \u00e0s<\/span><\/p>\n<p><span style=\"font-weight: 400\">16:00<\/span><\/td>\n<td style=\"height: 96px;width: 28.8401%;text-align: center\"><span style=\"font-weight: 400\"><span style=\"font-weight: 400\">Profa. Dra. Luciane Massaroto: &#8220;<\/span><\/span>Restaura\u00e7\u00f5es Semi- diretas em resina composta.&#8221;<\/td>\n<td style=\"height: 96px;width: 26.4368%;text-align: center\"><span style=\"font-weight: 400\">Health Perio: &#8220;Implante imediato em \u00e1rea est\u00e9tica.&#8221;<\/span><\/td>\n<td style=\"height: 96px;width: 29.6761%;text-align: center\"><span style=\"font-weight: 400\">LACTBMF: &#8220;Pr\u00e1tica de Sutura.&#8221;<\/span><\/td>\n<\/tr>\n<tr style=\"height: 95px\">\n<td style=\"width: 14.0021%;text-align: center;height: 95px\"><span style=\"font-weight: 400\">16:00 \u00e0s 18:00<\/span><\/td>\n<td style=\"width: 28.8401%;text-align: center;height: 95px\"><span style=\"font-weight: 400\"><span style=\"font-weight: 400\">Profa. Dra. Luciane Massaroto: &#8220;Restaura\u00e7\u00f5es Semi- diretas em resina composta.&#8221;<\/span><\/span><\/td>\n<td style=\"width: 26.4368%;text-align: center;height: 95px\"><span style=\"font-weight: 400\">\u00a0<\/span><\/td>\n<td style=\"width: 29.6761%;text-align: center;height: 95px\"><span style=\"font-weight: 400\">Prof. Dr. Jo\u00e3o Besegato: &#8220;Restaura\u00e7\u00f5es Diretas em Dentes Posteriores utilizando Resinas Bulk-fill.&#8221;<\/span><\/td>\n<\/tr>\n<\/tbody>\n<\/table>\n","protected":false},"excerpt":{"rendered":"<p>A Jornada Acad\u00eamica de Odontologia ser\u00e1 realizada do dia 13 de setembro de 2023 at\u00e9 dia 15 de setembro de 2023 das 08:00 \u00e0s 20:00 na quarta-feira, das 08:00 \u00e0s 19:00 na quinta-feira e das 08:00 \u00e0s 18:00 na sexta-feira. Hor\u00e1rio palestras: 13\/09\/2023 (Quarta-feira) 14\/09\/2023 (Quinta-feira) 15\/09\/2023 (Sexta-feira) 8:00 \u00e0s 10:00 Prof. Dr. Gustavo Seabra [&hellip;]<\/p>\n","protected":false},"author":38225,"featured_media":0,"parent":0,"menu_order":0,"comment_status":"closed","ping_status":"closed","template":"","meta":{"footnotes":""},"coauthors":[],"class_list":["post-54","page","type-page","status-publish","hentry"],"_links":{"self":[{"href":"https:\/\/jao-faodo.ufms.br\/en\/wp-json\/wp\/v2\/pages\/54","targetHints":{"allow":["GET"]}}],"collection":[{"href":"https:\/\/jao-faodo.ufms.br\/en\/wp-json\/wp\/v2\/pages"}],"about":[{"href":"https:\/\/jao-faodo.ufms.br\/en\/wp-json\/wp\/v2\/types\/page"}],"author":[{"embeddable":true,"href":"https:\/\/jao-faodo.ufms.br\/en\/wp-json\/wp\/v2\/users\/38225"}],"replies":[{"embeddable":true,"href":"https:\/\/jao-faodo.ufms.br\/en\/wp-json\/wp\/v2\/comments?post=54"}],"version-history":[{"count":30,"href":"https:\/\/jao-faodo.ufms.br\/en\/wp-json\/wp\/v2\/pages\/54\/revisions"}],"predecessor-version":[{"id":232,"href":"https:\/\/jao-faodo.ufms.br\/en\/wp-json\/wp\/v2\/pages\/54\/revisions\/232"}],"wp:attachment":[{"href":"https:\/\/jao-faodo.ufms.br\/en\/wp-json\/wp\/v2\/media?parent=54"}],"wp:term":[{"taxonomy":"author","embeddable":true,"href":"https:\/\/jao-faodo.ufms.br\/en\/wp-json\/wp\/v2\/coauthors?post=54"}],"curies":[{"name":"wp","href":"https:\/\/api.w.org\/{rel}","templated":true}]}}