{"id":72,"date":"2023-07-03T14:25:22","date_gmt":"2023-07-03T18:25:22","guid":{"rendered":"https:\/\/jao-faodo.ufms.br\/?page_id=72"},"modified":"2023-07-03T14:57:00","modified_gmt":"2023-07-03T18:57:00","slug":"contato","status":"publish","type":"page","link":"https:\/\/jao-faodo.ufms.br\/en\/contato\/","title":{"rendered":"Contato"},"content":{"rendered":"<p>Para maiores informa\u00e7\u00f5es, entrar em contato pelo e-mail: contato40jao@gmail.com<br \/>\nProf. Dr. T\u00falio Kalife (Coordenador docente da 40\u00aa JAO)<br \/>\nGabriel Farias Meneguzzo (Coordenador discente da 40\u00aa JAO)<\/p>\n","protected":false},"excerpt":{"rendered":"<p>Para maiores informa\u00e7\u00f5es, entrar em contato pelo e-mail: contato40jao@gmail.com Prof. Dr. T\u00falio Kalife (Coordenador docente da 40\u00aa JAO) Gabriel Farias Meneguzzo (Coordenador discente da 40\u00aa JAO)<\/p>\n","protected":false},"author":38225,"featured_media":0,"parent":0,"menu_order":0,"comment_status":"closed","ping_status":"closed","template":"","meta":{"footnotes":""},"coauthors":[],"class_list":["post-72","page","type-page","status-publish","hentry"],"_links":{"self":[{"href":"https:\/\/jao-faodo.ufms.br\/en\/wp-json\/wp\/v2\/pages\/72","targetHints":{"allow":["GET"]}}],"collection":[{"href":"https:\/\/jao-faodo.ufms.br\/en\/wp-json\/wp\/v2\/pages"}],"about":[{"href":"https:\/\/jao-faodo.ufms.br\/en\/wp-json\/wp\/v2\/types\/page"}],"author":[{"embeddable":true,"href":"https:\/\/jao-faodo.ufms.br\/en\/wp-json\/wp\/v2\/users\/38225"}],"replies":[{"embeddable":true,"href":"https:\/\/jao-faodo.ufms.br\/en\/wp-json\/wp\/v2\/comments?post=72"}],"version-history":[{"count":3,"href":"https:\/\/jao-faodo.ufms.br\/en\/wp-json\/wp\/v2\/pages\/72\/revisions"}],"predecessor-version":[{"id":91,"href":"https:\/\/jao-faodo.ufms.br\/en\/wp-json\/wp\/v2\/pages\/72\/revisions\/91"}],"wp:attachment":[{"href":"https:\/\/jao-faodo.ufms.br\/en\/wp-json\/wp\/v2\/media?parent=72"}],"wp:term":[{"taxonomy":"author","embeddable":true,"href":"https:\/\/jao-faodo.ufms.br\/en\/wp-json\/wp\/v2\/coauthors?post=72"}],"curies":[{"name":"wp","href":"https:\/\/api.w.org\/{rel}","templated":true}]}}