{"id":77,"date":"2023-07-03T14:30:56","date_gmt":"2023-07-03T18:30:56","guid":{"rendered":"https:\/\/jao-faodo.ufms.br\/?page_id=77"},"modified":"2023-07-03T15:38:27","modified_gmt":"2023-07-03T19:38:27","slug":"informacoes","status":"publish","type":"page","link":"https:\/\/jao-faodo.ufms.br\/en\/informacoes\/","title":{"rendered":"Informa\u00e7\u00f5es"},"content":{"rendered":"<p>A Jornada Acad\u00eamica de Odontologia (JAO) \u00e9 um evento que acontece anualmente visando \u00e0 atualiza\u00e7\u00e3o e divulga\u00e7\u00e3o do conhecimento t\u00e9cnico-cient\u00edfico, estimulando a proatividade e a capacidade de lideran\u00e7a. A JAO \u00e9 promovida e organizada por estudantes do s\u00e9timo semestre do curso de Odontologia da Faculdade de Odontologia da Universidade Federal de Mato Grosso do Sul (Faodo\/UFMS), sob orienta\u00e7\u00e3o de servidores docentes da Institui\u00e7\u00e3o. Considerada como uma das jornadas acad\u00eamicas pioneiras do pa\u00eds, a 40\u00aa edi\u00e7\u00e3o da JAO ocorrer\u00e1 entre os dias\u00a0<strong>13 a 15 de setembro de 2023<\/strong>, contando com palestras proferidas por importantes nomes das especialidades da Odontologia nacional e internacional. Nesta edi\u00e7\u00e3o, o evento ocorrer\u00e1 em formato presencial com palestras, <em>hands-on<\/em> e exposi\u00e7\u00e3o de trabalhos cient\u00edficos.<img fetchpriority=\"high\" decoding=\"async\" class=\"size-medium wp-image-59 aligncenter\" src=\"https:\/\/jao-faodo.ufms.br\/files\/2023\/07\/logo-40a-JAO-03-300x300.png\" alt=\"\" width=\"300\" height=\"300\" srcset=\"https:\/\/jao-faodo.ufms.br\/files\/2023\/07\/logo-40a-JAO-03-300x300.png 300w, https:\/\/jao-faodo.ufms.br\/files\/2023\/07\/logo-40a-JAO-03-1024x1024.png 1024w, https:\/\/jao-faodo.ufms.br\/files\/2023\/07\/logo-40a-JAO-03-150x150.png 150w, https:\/\/jao-faodo.ufms.br\/files\/2023\/07\/logo-40a-JAO-03-768x768.png 768w, https:\/\/jao-faodo.ufms.br\/files\/2023\/07\/logo-40a-JAO-03-1536x1536.png 1536w, https:\/\/jao-faodo.ufms.br\/files\/2023\/07\/logo-40a-JAO-03-320x320.png 320w, https:\/\/jao-faodo.ufms.br\/files\/2023\/07\/logo-40a-JAO-03.png 2000w\" sizes=\"(max-width: 300px) 100vw, 300px\" \/><\/p>\n","protected":false},"excerpt":{"rendered":"<p>A Jornada Acad\u00eamica de Odontologia (JAO) \u00e9 um evento que acontece anualmente visando \u00e0 atualiza\u00e7\u00e3o e divulga\u00e7\u00e3o do conhecimento t\u00e9cnico-cient\u00edfico, estimulando a proatividade e a capacidade de lideran\u00e7a. A JAO \u00e9 promovida e organizada por estudantes do s\u00e9timo semestre do curso de Odontologia da Faculdade de Odontologia da Universidade Federal de Mato Grosso do Sul [&hellip;]<\/p>\n","protected":false},"author":38225,"featured_media":0,"parent":0,"menu_order":0,"comment_status":"closed","ping_status":"closed","template":"","meta":{"footnotes":""},"coauthors":[],"class_list":["post-77","page","type-page","status-publish","hentry"],"_links":{"self":[{"href":"https:\/\/jao-faodo.ufms.br\/en\/wp-json\/wp\/v2\/pages\/77","targetHints":{"allow":["GET"]}}],"collection":[{"href":"https:\/\/jao-faodo.ufms.br\/en\/wp-json\/wp\/v2\/pages"}],"about":[{"href":"https:\/\/jao-faodo.ufms.br\/en\/wp-json\/wp\/v2\/types\/page"}],"author":[{"embeddable":true,"href":"https:\/\/jao-faodo.ufms.br\/en\/wp-json\/wp\/v2\/users\/38225"}],"replies":[{"embeddable":true,"href":"https:\/\/jao-faodo.ufms.br\/en\/wp-json\/wp\/v2\/comments?post=77"}],"version-history":[{"count":3,"href":"https:\/\/jao-faodo.ufms.br\/en\/wp-json\/wp\/v2\/pages\/77\/revisions"}],"predecessor-version":[{"id":95,"href":"https:\/\/jao-faodo.ufms.br\/en\/wp-json\/wp\/v2\/pages\/77\/revisions\/95"}],"wp:attachment":[{"href":"https:\/\/jao-faodo.ufms.br\/en\/wp-json\/wp\/v2\/media?parent=77"}],"wp:term":[{"taxonomy":"author","embeddable":true,"href":"https:\/\/jao-faodo.ufms.br\/en\/wp-json\/wp\/v2\/coauthors?post=77"}],"curies":[{"name":"wp","href":"https:\/\/api.w.org\/{rel}","templated":true}]}}